{"id":746,"date":"2022-03-21T12:47:21","date_gmt":"2022-03-21T11:47:21","guid":{"rendered":"https:\/\/sylvantia.com\/gemmotherapie\/"},"modified":"2022-07-28T13:25:10","modified_gmt":"2022-07-28T11:25:10","slug":"gemmotherapie","status":"publish","type":"page","link":"https:\/\/sylvantia.com\/nl\/gemmotherapie\/","title":{"rendered":"Gemmotherapie"},"content":{"rendered":"\t\t<div data-elementor-type=\"wp-page\" data-elementor-id=\"746\" class=\"elementor elementor-746 elementor-214\" data-elementor-post-type=\"page\">\n\t\t\t\t\t\t<section class=\"elementor-section elementor-top-section elementor-element elementor-element-ea95d37 elementor-section-full_width elementor-section-height-min-height elementor-section-height-default elementor-section-items-middle\" data-id=\"ea95d37\" data-element_type=\"section\" data-e-type=\"section\" data-settings=\"{&quot;background_background&quot;:&quot;classic&quot;}\">\n\t\t\t\t\t\t<div class=\"elementor-container elementor-column-gap-default\">\n\t\t\t\t\t<div class=\"elementor-column elementor-col-100 elementor-top-column elementor-element elementor-element-e5db4c7\" data-id=\"e5db4c7\" data-element_type=\"column\" data-e-type=\"column\">\n\t\t\t<div class=\"elementor-widget-wrap elementor-element-populated\">\n\t\t\t\t\t\t<div class=\"elementor-element elementor-element-db9bc3a elementor-widget elementor-widget-heading\" data-id=\"db9bc3a\" data-element_type=\"widget\" data-e-type=\"widget\" data-widget_type=\"heading.default\">\n\t\t\t\t<div class=\"elementor-widget-container\">\n\t\t\t\t\t<h1 class=\"elementor-heading-title elementor-size-default\">Gemmotherapie<\/h1>\t\t\t\t<\/div>\n\t\t\t\t<\/div>\n\t\t\t\t\t<\/div>\n\t\t<\/div>\n\t\t\t\t\t<\/div>\n\t\t<\/section>\n\t\t\t\t<section class=\"elementor-section elementor-top-section elementor-element elementor-element-2f97d40 elementor-section-boxed elementor-section-height-default elementor-section-height-default\" data-id=\"2f97d40\" data-element_type=\"section\" data-e-type=\"section\">\n\t\t\t\t\t\t<div class=\"elementor-container elementor-column-gap-default\">\n\t\t\t\t\t<div class=\"elementor-column elementor-col-50 elementor-top-column elementor-element elementor-element-392ace6\" data-id=\"392ace6\" data-element_type=\"column\" data-e-type=\"column\">\n\t\t\t<div class=\"elementor-widget-wrap elementor-element-populated\">\n\t\t\t\t\t\t<div class=\"elementor-element elementor-element-d7d58dc elementor-widget elementor-widget-image\" data-id=\"d7d58dc\" data-element_type=\"widget\" data-e-type=\"widget\" data-widget_type=\"image.default\">\n\t\t\t\t<div class=\"elementor-widget-container\">\n\t\t\t\t\t\t\t\t\t\t\t\t\t\t\t<img decoding=\"async\" src=\"https:\/\/sylvantia.com\/wp-content\/uploads\/elementor\/thumbs\/DSC05564-scaled-1-pm8o9i9dbejrtqwgiicbqu37uwftuywgwlh73cbvkq.jpg\" title=\"bourgeons sur une branche\" alt=\"bourgeons sur une branche\" loading=\"lazy\" \/>\t\t\t\t\t\t\t\t\t\t\t\t\t\t\t<\/div>\n\t\t\t\t<\/div>\n\t\t\t\t<div class=\"elementor-element elementor-element-823eb3b elementor-widget elementor-widget-image\" data-id=\"823eb3b\" data-element_type=\"widget\" data-e-type=\"widget\" data-widget_type=\"image.default\">\n\t\t\t\t<div class=\"elementor-widget-container\">\n\t\t\t\t\t\t\t\t\t\t\t\t\t\t\t<img decoding=\"async\" src=\"https:\/\/sylvantia.com\/wp-content\/uploads\/elementor\/thumbs\/DSC04610-scaled-1-pm8n856bnhegbr69oux74rilsilkw3kkrnxdcdq8wq.jpg\" title=\"Arbres et eau\" alt=\"Arbres et eau\" loading=\"lazy\" \/>\t\t\t\t\t\t\t\t\t\t\t\t\t\t\t<\/div>\n\t\t\t\t<\/div>\n\t\t\t\t\t<\/div>\n\t\t<\/div>\n\t\t\t\t<div class=\"elementor-column elementor-col-50 elementor-top-column elementor-element elementor-element-21c02d2\" data-id=\"21c02d2\" data-element_type=\"column\" data-e-type=\"column\">\n\t\t\t<div class=\"elementor-widget-wrap elementor-element-populated\">\n\t\t\t\t\t\t<div class=\"elementor-element elementor-element-c9cb04c elementor-widget elementor-widget-heading\" data-id=\"c9cb04c\" data-element_type=\"widget\" data-e-type=\"widget\" data-widget_type=\"heading.default\">\n\t\t\t\t<div class=\"elementor-widget-container\">\n\t\t\t\t\t<h2 class=\"elementor-heading-title elementor-size-default\">Gemmotherapie<\/h2>\t\t\t\t<\/div>\n\t\t\t\t<\/div>\n\t\t\t\t<div class=\"elementor-element elementor-element-b2f4842 elementor-widget elementor-widget-text-editor\" data-id=\"b2f4842\" data-element_type=\"widget\" data-e-type=\"widget\" data-widget_type=\"text-editor.default\">\n\t\t\t\t<div class=\"elementor-widget-container\">\n\t\t\t\t\t\t\t\t\t<p>Persoonlijk heb ik een bijzondere voorliefde voor <strong>gemmotherapie<\/strong>, het gebruik van embryonale plantenweefsels, zoals knoppen of jonge scheuten. Deze toppen worden geweekt in een mengsel van alcohol en glycerine (of honing). Het is dan ook een therapie uit de bomen. Misschien trok ze me daarom meteen aan?<br><span style=\"color: var( --e-global-color-text ); letter-spacing: 0.2px;\"><br>Pol Henry, een Belgische arts, wordt beschouwd als de grondlegger van de gemmotherapie (die hij eerst fytembryotherapie noemde). Hij was de eerste die de hypothese formuleerde dat het meristeem (celweefsel gespecialiseerd in plantengroei) alle informatieve energie moet bevatten die nodig is voor de ontwikkeling van de plant. Hij werkte nauw samen met zijn vriend, de bioloog Jean-Claude Leunis, een van de voorlopers van het gebruik van bloedtesten voor medische diagnoses.<br><\/span><span style=\"color: var( --e-global-color-text ); letter-spacing: 0.2px;\"><br>Gemmotherapie werd daarna in Frankrijk ontwikkeld door dokter Max T\u00e9tau, die Pol Henry persoonlijk kende. Voor zijn onderzoek bundelde hij de krachten met een bevriende arts, dokter Daniel Scimeca. Samen kozen ze ervoor om in Frankrijk te experimenteren en gemmotherapie te ontwikkelen.<br><\/span><span style=\"color: var( --e-global-color-text ); letter-spacing: 0.2px;\"><br>Sindsdien heeft gemmotherapie zijn weg gevonden. Het wordt nu steeds meer gebruikt in Belgi\u00eb en Frankrijk; maar ook in Itali\u00eb en Roemeni\u00eb. Het stak zelfs de Atlantische Oceaan over.<\/span><\/p>\t\t\t\t\t\t\t\t<\/div>\n\t\t\t\t<\/div>\n\t\t\t\t\t<\/div>\n\t\t<\/div>\n\t\t\t\t\t<\/div>\n\t\t<\/section>\n\t\t\t\t<section class=\"elementor-section elementor-top-section elementor-element elementor-element-3d57d19 elementor-section-boxed elementor-section-height-default elementor-section-height-default\" data-id=\"3d57d19\" data-element_type=\"section\" data-e-type=\"section\">\n\t\t\t\t\t\t<div class=\"elementor-container elementor-column-gap-default\">\n\t\t\t\t\t<div class=\"elementor-column elementor-col-100 elementor-top-column elementor-element elementor-element-ce1f838\" data-id=\"ce1f838\" data-element_type=\"column\" data-e-type=\"column\" data-settings=\"{&quot;background_background&quot;:&quot;slideshow&quot;,&quot;background_slideshow_gallery&quot;:[],&quot;background_slideshow_loop&quot;:&quot;yes&quot;,&quot;background_slideshow_slide_duration&quot;:5000,&quot;background_slideshow_slide_transition&quot;:&quot;fade&quot;,&quot;background_slideshow_transition_duration&quot;:500}\">\n\t\t\t<div class=\"elementor-widget-wrap elementor-element-populated\">\n\t\t\t\t\t\t<section class=\"elementor-section elementor-inner-section elementor-element elementor-element-ff5d721 elementor-section-height-min-height elementor-section-boxed elementor-section-height-default\" data-id=\"ff5d721\" data-element_type=\"section\" data-e-type=\"section\" data-settings=\"{&quot;background_background&quot;:&quot;slideshow&quot;,&quot;background_slideshow_gallery&quot;:[{&quot;id&quot;:1106,&quot;url&quot;:&quot;https:\\\/\\\/sylvantia.com\\\/wp-content\\\/uploads\\\/2022\\\/06\\\/Bud-of-a-beech-tree.jpg&quot;}],&quot;background_slideshow_loop&quot;:&quot;yes&quot;,&quot;background_slideshow_slide_duration&quot;:5000,&quot;background_slideshow_slide_transition&quot;:&quot;fade&quot;,&quot;background_slideshow_transition_duration&quot;:500}\">\n\t\t\t\t\t\t<div class=\"elementor-container elementor-column-gap-default\">\n\t\t\t\t\t<div class=\"elementor-column elementor-col-100 elementor-inner-column elementor-element elementor-element-12dcb64\" data-id=\"12dcb64\" data-element_type=\"column\" data-e-type=\"column\">\n\t\t\t<div class=\"elementor-widget-wrap\">\n\t\t\t\t\t\t\t<\/div>\n\t\t<\/div>\n\t\t\t\t\t<\/div>\n\t\t<\/section>\n\t\t\t\t\t<\/div>\n\t\t<\/div>\n\t\t\t\t\t<\/div>\n\t\t<\/section>\n\t\t\t\t<\/div>\n\t\t","protected":false},"excerpt":{"rendered":"<p>Gemmotherapie Gemmotherapie Persoonlijk heb ik een bijzondere voorliefde voor gemmotherapie, het gebruik van embryonale plantenweefsels, zoals knoppen of jonge scheuten. Deze toppen worden geweekt in een mengsel van alcohol en glycerine (of honing). Het is dan ook een therapie uit de bomen. Misschien trok ze me daarom meteen aan? Pol Henry, een Belgische arts, wordt [&hellip;]<\/p>\n","protected":false},"author":1,"featured_media":0,"parent":0,"menu_order":4,"comment_status":"closed","ping_status":"closed","template":"","meta":{"footnotes":""},"class_list":["post-746","page","type-page","status-publish","hentry"],"yoast_head":"<!-- This site is optimized with the Yoast SEO plugin v27.5 - https:\/\/yoast.com\/product\/yoast-seo-wordpress\/ -->\n<title>Gemmotherapie - Sylvantia<\/title>\n<meta name=\"description\" content=\"Boomknoppen zijn erg waardevol, leer ze verstandig te gebruiken. Ontdek gemmotherapie in Brussel met Magda.\" \/>\n<meta name=\"robots\" content=\"index, follow, max-snippet:-1, max-image-preview:large, max-video-preview:-1\" \/>\n<link rel=\"canonical\" href=\"https:\/\/sylvantia.com\/nl\/gemmotherapie\/\" \/>\n<meta property=\"og:locale\" content=\"nl_NL\" \/>\n<meta property=\"og:type\" content=\"article\" \/>\n<meta property=\"og:title\" content=\"Gemmotherapie - Sylvantia\" \/>\n<meta property=\"og:description\" content=\"Boomknoppen zijn erg waardevol, leer ze verstandig te gebruiken. Ontdek gemmotherapie in Brussel met Magda.\" \/>\n<meta property=\"og:url\" content=\"https:\/\/sylvantia.com\/nl\/gemmotherapie\/\" \/>\n<meta property=\"og:site_name\" content=\"Sylvantia\" \/>\n<meta property=\"article:modified_time\" content=\"2022-07-28T11:25:10+00:00\" \/>\n<meta property=\"og:image\" content=\"https:\/\/sylvantia.com\/wp-content\/uploads\/elementor\/thumbs\/DSC05564-scaled-1-pm8o9i9dbejrtqwgiicbqu37uwftuywgwlh73cbvkq.jpg\" \/>\n<meta name=\"twitter:card\" content=\"summary_large_image\" \/>\n<meta name=\"twitter:label1\" content=\"Geschatte leestijd\" \/>\n\t<meta name=\"twitter:data1\" content=\"2 minuten\" \/>\n<script type=\"application\/ld+json\" class=\"yoast-schema-graph\">{\"@context\":\"https:\\\/\\\/schema.org\",\"@graph\":[{\"@type\":\"WebPage\",\"@id\":\"https:\\\/\\\/sylvantia.com\\\/nl\\\/gemmotherapie\\\/\",\"url\":\"https:\\\/\\\/sylvantia.com\\\/nl\\\/gemmotherapie\\\/\",\"name\":\"Gemmotherapie - Sylvantia\",\"isPartOf\":{\"@id\":\"https:\\\/\\\/sylvantia.com\\\/nl\\\/#website\"},\"primaryImageOfPage\":{\"@id\":\"https:\\\/\\\/sylvantia.com\\\/nl\\\/gemmotherapie\\\/#primaryimage\"},\"image\":{\"@id\":\"https:\\\/\\\/sylvantia.com\\\/nl\\\/gemmotherapie\\\/#primaryimage\"},\"thumbnailUrl\":\"https:\\\/\\\/sylvantia.com\\\/wp-content\\\/uploads\\\/elementor\\\/thumbs\\\/DSC05564-scaled-1-pm8o9i9dbejrtqwgiicbqu37uwftuywgwlh73cbvkq.jpg\",\"datePublished\":\"2022-03-21T11:47:21+00:00\",\"dateModified\":\"2022-07-28T11:25:10+00:00\",\"description\":\"Boomknoppen zijn erg waardevol, leer ze verstandig te gebruiken. Ontdek gemmotherapie in Brussel met Magda.\",\"breadcrumb\":{\"@id\":\"https:\\\/\\\/sylvantia.com\\\/nl\\\/gemmotherapie\\\/#breadcrumb\"},\"inLanguage\":\"nl-NL\",\"potentialAction\":[{\"@type\":\"ReadAction\",\"target\":[\"https:\\\/\\\/sylvantia.com\\\/nl\\\/gemmotherapie\\\/\"]}]},{\"@type\":\"ImageObject\",\"inLanguage\":\"nl-NL\",\"@id\":\"https:\\\/\\\/sylvantia.com\\\/nl\\\/gemmotherapie\\\/#primaryimage\",\"url\":\"https:\\\/\\\/sylvantia.com\\\/wp-content\\\/uploads\\\/elementor\\\/thumbs\\\/DSC05564-scaled-1-pm8o9i9dbejrtqwgiicbqu37uwftuywgwlh73cbvkq.jpg\",\"contentUrl\":\"https:\\\/\\\/sylvantia.com\\\/wp-content\\\/uploads\\\/elementor\\\/thumbs\\\/DSC05564-scaled-1-pm8o9i9dbejrtqwgiicbqu37uwftuywgwlh73cbvkq.jpg\"},{\"@type\":\"BreadcrumbList\",\"@id\":\"https:\\\/\\\/sylvantia.com\\\/nl\\\/gemmotherapie\\\/#breadcrumb\",\"itemListElement\":[{\"@type\":\"ListItem\",\"position\":1,\"name\":\"Accueil\",\"item\":\"https:\\\/\\\/sylvantia.com\\\/nl\\\/\"},{\"@type\":\"ListItem\",\"position\":2,\"name\":\"Gemmotherapie\"}]},{\"@type\":\"WebSite\",\"@id\":\"https:\\\/\\\/sylvantia.com\\\/nl\\\/#website\",\"url\":\"https:\\\/\\\/sylvantia.com\\\/nl\\\/\",\"name\":\"Sylvantia\",\"description\":\"Sylvoth\u00e9rapie, Phyto-aromath\u00e9rapie, Gemmoth\u00e9rapie\",\"publisher\":{\"@id\":\"https:\\\/\\\/sylvantia.com\\\/nl\\\/#organization\"},\"potentialAction\":[{\"@type\":\"SearchAction\",\"target\":{\"@type\":\"EntryPoint\",\"urlTemplate\":\"https:\\\/\\\/sylvantia.com\\\/nl\\\/?s={search_term_string}\"},\"query-input\":{\"@type\":\"PropertyValueSpecification\",\"valueRequired\":true,\"valueName\":\"search_term_string\"}}],\"inLanguage\":\"nl-NL\"},{\"@type\":\"Organization\",\"@id\":\"https:\\\/\\\/sylvantia.com\\\/nl\\\/#organization\",\"name\":\"Sylvantia\",\"url\":\"https:\\\/\\\/sylvantia.com\\\/nl\\\/\",\"logo\":{\"@type\":\"ImageObject\",\"inLanguage\":\"nl-NL\",\"@id\":\"https:\\\/\\\/sylvantia.com\\\/nl\\\/#\\\/schema\\\/logo\\\/image\\\/\",\"url\":\"https:\\\/\\\/sylvantia.com\\\/wp-content\\\/uploads\\\/2022\\\/03\\\/sylvantia-logo.png\",\"contentUrl\":\"https:\\\/\\\/sylvantia.com\\\/wp-content\\\/uploads\\\/2022\\\/03\\\/sylvantia-logo.png\",\"width\":255,\"height\":54,\"caption\":\"Sylvantia\"},\"image\":{\"@id\":\"https:\\\/\\\/sylvantia.com\\\/nl\\\/#\\\/schema\\\/logo\\\/image\\\/\"}}]}<\/script>\n<!-- \/ Yoast SEO plugin. -->","yoast_head_json":{"title":"Gemmotherapie - Sylvantia","description":"Boomknoppen zijn erg waardevol, leer ze verstandig te gebruiken. Ontdek gemmotherapie in Brussel met Magda.","robots":{"index":"index","follow":"follow","max-snippet":"max-snippet:-1","max-image-preview":"max-image-preview:large","max-video-preview":"max-video-preview:-1"},"canonical":"https:\/\/sylvantia.com\/nl\/gemmotherapie\/","og_locale":"nl_NL","og_type":"article","og_title":"Gemmotherapie - Sylvantia","og_description":"Boomknoppen zijn erg waardevol, leer ze verstandig te gebruiken. Ontdek gemmotherapie in Brussel met Magda.","og_url":"https:\/\/sylvantia.com\/nl\/gemmotherapie\/","og_site_name":"Sylvantia","article_modified_time":"2022-07-28T11:25:10+00:00","og_image":[{"url":"https:\/\/sylvantia.com\/wp-content\/uploads\/elementor\/thumbs\/DSC05564-scaled-1-pm8o9i9dbejrtqwgiicbqu37uwftuywgwlh73cbvkq.jpg","type":"","width":"","height":""}],"twitter_card":"summary_large_image","twitter_misc":{"Geschatte leestijd":"2 minuten"},"schema":{"@context":"https:\/\/schema.org","@graph":[{"@type":"WebPage","@id":"https:\/\/sylvantia.com\/nl\/gemmotherapie\/","url":"https:\/\/sylvantia.com\/nl\/gemmotherapie\/","name":"Gemmotherapie - Sylvantia","isPartOf":{"@id":"https:\/\/sylvantia.com\/nl\/#website"},"primaryImageOfPage":{"@id":"https:\/\/sylvantia.com\/nl\/gemmotherapie\/#primaryimage"},"image":{"@id":"https:\/\/sylvantia.com\/nl\/gemmotherapie\/#primaryimage"},"thumbnailUrl":"https:\/\/sylvantia.com\/wp-content\/uploads\/elementor\/thumbs\/DSC05564-scaled-1-pm8o9i9dbejrtqwgiicbqu37uwftuywgwlh73cbvkq.jpg","datePublished":"2022-03-21T11:47:21+00:00","dateModified":"2022-07-28T11:25:10+00:00","description":"Boomknoppen zijn erg waardevol, leer ze verstandig te gebruiken. Ontdek gemmotherapie in Brussel met Magda.","breadcrumb":{"@id":"https:\/\/sylvantia.com\/nl\/gemmotherapie\/#breadcrumb"},"inLanguage":"nl-NL","potentialAction":[{"@type":"ReadAction","target":["https:\/\/sylvantia.com\/nl\/gemmotherapie\/"]}]},{"@type":"ImageObject","inLanguage":"nl-NL","@id":"https:\/\/sylvantia.com\/nl\/gemmotherapie\/#primaryimage","url":"https:\/\/sylvantia.com\/wp-content\/uploads\/elementor\/thumbs\/DSC05564-scaled-1-pm8o9i9dbejrtqwgiicbqu37uwftuywgwlh73cbvkq.jpg","contentUrl":"https:\/\/sylvantia.com\/wp-content\/uploads\/elementor\/thumbs\/DSC05564-scaled-1-pm8o9i9dbejrtqwgiicbqu37uwftuywgwlh73cbvkq.jpg"},{"@type":"BreadcrumbList","@id":"https:\/\/sylvantia.com\/nl\/gemmotherapie\/#breadcrumb","itemListElement":[{"@type":"ListItem","position":1,"name":"Accueil","item":"https:\/\/sylvantia.com\/nl\/"},{"@type":"ListItem","position":2,"name":"Gemmotherapie"}]},{"@type":"WebSite","@id":"https:\/\/sylvantia.com\/nl\/#website","url":"https:\/\/sylvantia.com\/nl\/","name":"Sylvantia","description":"Sylvoth\u00e9rapie, Phyto-aromath\u00e9rapie, Gemmoth\u00e9rapie","publisher":{"@id":"https:\/\/sylvantia.com\/nl\/#organization"},"potentialAction":[{"@type":"SearchAction","target":{"@type":"EntryPoint","urlTemplate":"https:\/\/sylvantia.com\/nl\/?s={search_term_string}"},"query-input":{"@type":"PropertyValueSpecification","valueRequired":true,"valueName":"search_term_string"}}],"inLanguage":"nl-NL"},{"@type":"Organization","@id":"https:\/\/sylvantia.com\/nl\/#organization","name":"Sylvantia","url":"https:\/\/sylvantia.com\/nl\/","logo":{"@type":"ImageObject","inLanguage":"nl-NL","@id":"https:\/\/sylvantia.com\/nl\/#\/schema\/logo\/image\/","url":"https:\/\/sylvantia.com\/wp-content\/uploads\/2022\/03\/sylvantia-logo.png","contentUrl":"https:\/\/sylvantia.com\/wp-content\/uploads\/2022\/03\/sylvantia-logo.png","width":255,"height":54,"caption":"Sylvantia"},"image":{"@id":"https:\/\/sylvantia.com\/nl\/#\/schema\/logo\/image\/"}}]}},"_links":{"self":[{"href":"https:\/\/sylvantia.com\/nl\/wp-json\/wp\/v2\/pages\/746","targetHints":{"allow":["GET"]}}],"collection":[{"href":"https:\/\/sylvantia.com\/nl\/wp-json\/wp\/v2\/pages"}],"about":[{"href":"https:\/\/sylvantia.com\/nl\/wp-json\/wp\/v2\/types\/page"}],"author":[{"embeddable":true,"href":"https:\/\/sylvantia.com\/nl\/wp-json\/wp\/v2\/users\/1"}],"replies":[{"embeddable":true,"href":"https:\/\/sylvantia.com\/nl\/wp-json\/wp\/v2\/comments?post=746"}],"version-history":[{"count":5,"href":"https:\/\/sylvantia.com\/nl\/wp-json\/wp\/v2\/pages\/746\/revisions"}],"predecessor-version":[{"id":1373,"href":"https:\/\/sylvantia.com\/nl\/wp-json\/wp\/v2\/pages\/746\/revisions\/1373"}],"wp:attachment":[{"href":"https:\/\/sylvantia.com\/nl\/wp-json\/wp\/v2\/media?parent=746"}],"curies":[{"name":"wp","href":"https:\/\/api.w.org\/{rel}","templated":true}]}}