{"id":756,"date":"2022-03-20T16:55:34","date_gmt":"2022-03-20T15:55:34","guid":{"rendered":"https:\/\/sylvantia.com\/fyto-aromatherapie\/"},"modified":"2022-06-20T17:39:30","modified_gmt":"2022-06-20T15:39:30","slug":"fyto-aromatherapie","status":"publish","type":"page","link":"https:\/\/sylvantia.com\/nl\/fyto-aromatherapie\/","title":{"rendered":"Fyto-aromatherapie"},"content":{"rendered":"\t\t<div data-elementor-type=\"wp-page\" data-elementor-id=\"756\" class=\"elementor elementor-756 elementor-183\" data-elementor-post-type=\"page\">\n\t\t\t\t\t\t<section class=\"elementor-section elementor-top-section elementor-element elementor-element-254884d elementor-section-full_width elementor-section-height-min-height elementor-section-height-default elementor-section-items-middle\" data-id=\"254884d\" data-element_type=\"section\" data-e-type=\"section\" data-settings=\"{&quot;background_background&quot;:&quot;classic&quot;}\">\n\t\t\t\t\t\t<div class=\"elementor-container elementor-column-gap-default\">\n\t\t\t\t\t<div class=\"elementor-column elementor-col-100 elementor-top-column elementor-element elementor-element-e6be265\" data-id=\"e6be265\" data-element_type=\"column\" data-e-type=\"column\">\n\t\t\t<div class=\"elementor-widget-wrap elementor-element-populated\">\n\t\t\t\t\t\t<div class=\"elementor-element elementor-element-8ac9f89 elementor-widget elementor-widget-heading\" data-id=\"8ac9f89\" data-element_type=\"widget\" data-e-type=\"widget\" data-widget_type=\"heading.default\">\n\t\t\t\t<div class=\"elementor-widget-container\">\n\t\t\t\t\t<h1 class=\"elementor-heading-title elementor-size-default\">Fyto-aromatherapie<\/h1>\t\t\t\t<\/div>\n\t\t\t\t<\/div>\n\t\t\t\t\t<\/div>\n\t\t<\/div>\n\t\t\t\t\t<\/div>\n\t\t<\/section>\n\t\t\t\t<section class=\"elementor-section elementor-top-section elementor-element elementor-element-2f97d40 elementor-section-boxed elementor-section-height-default elementor-section-height-default\" data-id=\"2f97d40\" data-element_type=\"section\" data-e-type=\"section\">\n\t\t\t\t\t\t<div class=\"elementor-container elementor-column-gap-default\">\n\t\t\t\t\t<div class=\"elementor-column elementor-col-50 elementor-top-column elementor-element elementor-element-21c02d2\" data-id=\"21c02d2\" data-element_type=\"column\" data-e-type=\"column\">\n\t\t\t<div class=\"elementor-widget-wrap elementor-element-populated\">\n\t\t\t\t\t\t<div class=\"elementor-element elementor-element-c9cb04c elementor-widget elementor-widget-heading\" data-id=\"c9cb04c\" data-element_type=\"widget\" data-e-type=\"widget\" data-widget_type=\"heading.default\">\n\t\t\t\t<div class=\"elementor-widget-container\">\n\t\t\t\t\t<h2 class=\"elementor-heading-title elementor-size-default\">Fyto-aromatherapie<\/h2>\t\t\t\t<\/div>\n\t\t\t\t<\/div>\n\t\t\t\t<div class=\"elementor-element elementor-element-b2f4842 elementor-widget elementor-widget-text-editor\" data-id=\"b2f4842\" data-element_type=\"widget\" data-e-type=\"widget\" data-widget_type=\"text-editor.default\">\n\t\t\t\t<div class=\"elementor-widget-container\">\n\t\t\t\t\t\t\t\t\t<p>Fyto-aromatherapie is de kunst van het genezen met planten. Het gebruik van planten als remedie om kwalen te genezen, of het nu op fysiek niveau is of op een subtieler niveau, is gebruikelijk in alle culturen en de oorsprong gaat terug tot het begin der tijden. Duizenden jaren zijn planten zelfs de enige bron van remedies geweest.<\/p><p><span style=\"color: var( --e-global-color-text ); letter-spacing: 0.2px;\">En toen ontwikkelde de westerse mens de zogenaamde wetenschappelijke benadering en vanaf dat moment was hij vooral ge\u00efnteresseerd in de actieve bestanddelen van planten. Hij begon ze te extraheren en te reproduceren om medicijnen te maken. En door de jaren heen heeft de mens steeds meer drugs geconsumeerd en steeds minder planten.<\/span><\/p><p><span style=\"color: var( --e-global-color-text ); letter-spacing: 0.2px;\">De laatste jaren is er echter een terugkeer naar meer natuurlijke oplossingen. Het is in deze context dat fyto-aromatherapie, maar ook gemmotherapie (knoppen), zich sterk ontwikkeld hebben.<\/span><\/p><p><span style=\"color: var( --e-global-color-text ); letter-spacing: 0.2px;\">Fytotherapie omvat traditioneel \u00a0ook aromatherapie, etherische olietherapie.<\/span><\/p><p><span style=\"color: var( --e-global-color-text ); letter-spacing: 0.2px;\">Essenti\u00eble oli\u00ebn worden gewonnen uit aromatische planten, meestal door stoomdistillatie. Deze oli\u00ebn zijn daarom zeer krachtig en een minimum aan voorzorg is essentieel bij het gebruik ervan. Inderdaad, &#8220;natuurlijk&#8221; betekent niet &#8220;zonder gevaar&#8221;.<\/span><\/p><p><span style=\"color: var( --e-global-color-text ); letter-spacing: 0.2px;\">Veel essenti\u00eble oli\u00ebn hebben erkende anti-infectieuze en antivirale eigenschappen.<\/span><\/p><p><span style=\"color: var( --e-global-color-text ); letter-spacing: 0.2px;\">Tegenwoordig zijn we getuige van een hernieuwde interesse voor natuurlijke remedies. Planten hebben veel eigenschappen die klein en minder klein kwalen kunnen verlichten. Ze kunnen ook helpen ze te voorkomen.<\/span><\/p><p><span style=\"color: var( --e-global-color-text ); letter-spacing: 0.2px;\">Dat gezegd hebbende, verplicht de wet mij om te specificeren dat het raadplegen van een fytotherapeut niet de noodzaak van medisch advies uitsluit; en dat planten medicijnen niet vervangen.<\/span><\/p>\t\t\t\t\t\t\t\t<\/div>\n\t\t\t\t<\/div>\n\t\t\t\t\t<\/div>\n\t\t<\/div>\n\t\t\t\t<div class=\"elementor-column elementor-col-50 elementor-top-column elementor-element elementor-element-392ace6\" data-id=\"392ace6\" data-element_type=\"column\" data-e-type=\"column\">\n\t\t\t<div class=\"elementor-widget-wrap elementor-element-populated\">\n\t\t\t\t\t\t<div class=\"elementor-element elementor-element-d7d58dc elementor-widget elementor-widget-image\" data-id=\"d7d58dc\" data-element_type=\"widget\" data-e-type=\"widget\" data-widget_type=\"image.default\">\n\t\t\t\t<div class=\"elementor-widget-container\">\n\t\t\t\t\t\t\t\t\t\t\t\t\t\t\t<img decoding=\"async\" src=\"https:\/\/sylvantia.com\/wp-content\/uploads\/elementor\/thumbs\/DSC04321-440x550-1-pm8o9dk6d8dc7p3a9yb6wd9wvz2zshdt7y7royiw0i.jpg\" title=\"Tronc de bouleau\" alt=\"Tronc de bouleau\" loading=\"lazy\" \/>\t\t\t\t\t\t\t\t\t\t\t\t\t\t\t<\/div>\n\t\t\t\t<\/div>\n\t\t\t\t<div class=\"elementor-element elementor-element-823eb3b elementor-widget elementor-widget-image\" data-id=\"823eb3b\" data-element_type=\"widget\" data-e-type=\"widget\" data-widget_type=\"image.default\">\n\t\t\t\t<div class=\"elementor-widget-container\">\n\t\t\t\t\t\t\t\t\t\t\t\t\t\t\t<img decoding=\"async\" src=\"https:\/\/sylvantia.com\/wp-content\/uploads\/elementor\/thumbs\/DSC05211-scaled-1-pm8o9ei0k2emjb1x4gptgv1dhcyd06hjk2v968hg9m.jpg\" title=\"Branche de houx\" alt=\"Branche de houx\" loading=\"lazy\" \/>\t\t\t\t\t\t\t\t\t\t\t\t\t\t\t<\/div>\n\t\t\t\t<\/div>\n\t\t\t\t\t<\/div>\n\t\t<\/div>\n\t\t\t\t\t<\/div>\n\t\t<\/section>\n\t\t\t\t<section class=\"elementor-section elementor-top-section elementor-element elementor-element-508e272 elementor-section-boxed elementor-section-height-default elementor-section-height-default\" data-id=\"508e272\" data-element_type=\"section\" data-e-type=\"section\">\n\t\t\t\t\t\t<div class=\"elementor-container elementor-column-gap-default\">\n\t\t\t\t\t<div class=\"elementor-column elementor-col-100 elementor-top-column elementor-element elementor-element-9cf259f\" data-id=\"9cf259f\" data-element_type=\"column\" data-e-type=\"column\">\n\t\t\t<div class=\"elementor-widget-wrap elementor-element-populated\">\n\t\t\t\t\t\t<div class=\"elementor-element elementor-element-212031d elementor-widget elementor-widget-image\" data-id=\"212031d\" data-element_type=\"widget\" data-e-type=\"widget\" data-widget_type=\"image.default\">\n\t\t\t\t<div class=\"elementor-widget-container\">\n\t\t\t\t\t\t\t\t\t\t\t\t\t\t\t<img decoding=\"async\" src=\"https:\/\/sylvantia.com\/wp-content\/uploads\/elementor\/thumbs\/DSC04334-scaled-1-pm8o9gdyk6sj9oftfwsvwqc9tq7rrxgu6z06phmjsg.jpg\" title=\"cascade d&#8217;eau\" alt=\"cascade d&#039;eau\" loading=\"lazy\" \/>\t\t\t\t\t\t\t\t\t\t\t\t\t\t\t<\/div>\n\t\t\t\t<\/div>\n\t\t\t\t\t<\/div>\n\t\t<\/div>\n\t\t\t\t\t<\/div>\n\t\t<\/section>\n\t\t\t\t<\/div>\n\t\t","protected":false},"excerpt":{"rendered":"<p>Fyto-aromatherapie Fyto-aromatherapie Fyto-aromatherapie is de kunst van het genezen met planten. Het gebruik van planten als remedie om kwalen te genezen, of het nu op fysiek niveau is of op een subtieler niveau, is gebruikelijk in alle culturen en de oorsprong gaat terug tot het begin der tijden. Duizenden jaren zijn planten zelfs de enige [&hellip;]<\/p>\n","protected":false},"author":1,"featured_media":0,"parent":0,"menu_order":3,"comment_status":"closed","ping_status":"closed","template":"","meta":{"footnotes":""},"class_list":["post-756","page","type-page","status-publish","hentry"],"yoast_head":"<!-- This site is optimized with the Yoast SEO plugin v27.5 - https:\/\/yoast.com\/product\/yoast-seo-wordpress\/ -->\n<title>Fyto-aromatherapie - Sylvantia<\/title>\n<meta name=\"description\" content=\"Planten en essenti\u00eble oli\u00ebn hebben erkende deugden en kunnen ons helpen bij de behandeling van verschillende kleine kwalen.\" \/>\n<meta name=\"robots\" content=\"index, follow, max-snippet:-1, max-image-preview:large, max-video-preview:-1\" \/>\n<link rel=\"canonical\" href=\"https:\/\/sylvantia.com\/nl\/fyto-aromatherapie\/\" \/>\n<meta property=\"og:locale\" content=\"nl_NL\" \/>\n<meta property=\"og:type\" content=\"article\" \/>\n<meta property=\"og:title\" content=\"Fyto-aromatherapie - Sylvantia\" \/>\n<meta property=\"og:description\" content=\"Planten en essenti\u00eble oli\u00ebn hebben erkende deugden en kunnen ons helpen bij de behandeling van verschillende kleine kwalen.\" \/>\n<meta property=\"og:url\" content=\"https:\/\/sylvantia.com\/nl\/fyto-aromatherapie\/\" \/>\n<meta property=\"og:site_name\" content=\"Sylvantia\" \/>\n<meta property=\"article:modified_time\" content=\"2022-06-20T15:39:30+00:00\" \/>\n<meta property=\"og:image\" content=\"https:\/\/sylvantia.com\/wp-content\/uploads\/elementor\/thumbs\/DSC04321-440x550-1-pm8o9dk6d8dc7p3a9yb6wd9wvz2zshdt7y7royiw0s.jpg\" \/>\n<meta name=\"twitter:card\" content=\"summary_large_image\" \/>\n<meta name=\"twitter:label1\" content=\"Geschatte leestijd\" \/>\n\t<meta name=\"twitter:data1\" content=\"2 minuten\" \/>\n<script type=\"application\/ld+json\" class=\"yoast-schema-graph\">{\"@context\":\"https:\\\/\\\/schema.org\",\"@graph\":[{\"@type\":\"WebPage\",\"@id\":\"https:\\\/\\\/sylvantia.com\\\/nl\\\/fyto-aromatherapie\\\/\",\"url\":\"https:\\\/\\\/sylvantia.com\\\/nl\\\/fyto-aromatherapie\\\/\",\"name\":\"Fyto-aromatherapie - Sylvantia\",\"isPartOf\":{\"@id\":\"https:\\\/\\\/sylvantia.com\\\/nl\\\/#website\"},\"primaryImageOfPage\":{\"@id\":\"https:\\\/\\\/sylvantia.com\\\/nl\\\/fyto-aromatherapie\\\/#primaryimage\"},\"image\":{\"@id\":\"https:\\\/\\\/sylvantia.com\\\/nl\\\/fyto-aromatherapie\\\/#primaryimage\"},\"thumbnailUrl\":\"https:\\\/\\\/sylvantia.com\\\/wp-content\\\/uploads\\\/elementor\\\/thumbs\\\/DSC04321-440x550-1-pm8o9dk6d8dc7p3a9yb6wd9wvz2zshdt7y7royiw0s.jpg\",\"datePublished\":\"2022-03-20T15:55:34+00:00\",\"dateModified\":\"2022-06-20T15:39:30+00:00\",\"description\":\"Planten en essenti\u00eble oli\u00ebn hebben erkende deugden en kunnen ons helpen bij de behandeling van verschillende kleine kwalen.\",\"breadcrumb\":{\"@id\":\"https:\\\/\\\/sylvantia.com\\\/nl\\\/fyto-aromatherapie\\\/#breadcrumb\"},\"inLanguage\":\"nl-NL\",\"potentialAction\":[{\"@type\":\"ReadAction\",\"target\":[\"https:\\\/\\\/sylvantia.com\\\/nl\\\/fyto-aromatherapie\\\/\"]}]},{\"@type\":\"ImageObject\",\"inLanguage\":\"nl-NL\",\"@id\":\"https:\\\/\\\/sylvantia.com\\\/nl\\\/fyto-aromatherapie\\\/#primaryimage\",\"url\":\"https:\\\/\\\/sylvantia.com\\\/wp-content\\\/uploads\\\/elementor\\\/thumbs\\\/DSC04321-440x550-1-pm8o9dk6d8dc7p3a9yb6wd9wvz2zshdt7y7royiw0s.jpg\",\"contentUrl\":\"https:\\\/\\\/sylvantia.com\\\/wp-content\\\/uploads\\\/elementor\\\/thumbs\\\/DSC04321-440x550-1-pm8o9dk6d8dc7p3a9yb6wd9wvz2zshdt7y7royiw0s.jpg\"},{\"@type\":\"BreadcrumbList\",\"@id\":\"https:\\\/\\\/sylvantia.com\\\/nl\\\/fyto-aromatherapie\\\/#breadcrumb\",\"itemListElement\":[{\"@type\":\"ListItem\",\"position\":1,\"name\":\"Accueil\",\"item\":\"https:\\\/\\\/sylvantia.com\\\/nl\\\/\"},{\"@type\":\"ListItem\",\"position\":2,\"name\":\"Fyto-aromatherapie\"}]},{\"@type\":\"WebSite\",\"@id\":\"https:\\\/\\\/sylvantia.com\\\/nl\\\/#website\",\"url\":\"https:\\\/\\\/sylvantia.com\\\/nl\\\/\",\"name\":\"Sylvantia\",\"description\":\"Sylvoth\u00e9rapie, Phyto-aromath\u00e9rapie, Gemmoth\u00e9rapie\",\"publisher\":{\"@id\":\"https:\\\/\\\/sylvantia.com\\\/nl\\\/#organization\"},\"potentialAction\":[{\"@type\":\"SearchAction\",\"target\":{\"@type\":\"EntryPoint\",\"urlTemplate\":\"https:\\\/\\\/sylvantia.com\\\/nl\\\/?s={search_term_string}\"},\"query-input\":{\"@type\":\"PropertyValueSpecification\",\"valueRequired\":true,\"valueName\":\"search_term_string\"}}],\"inLanguage\":\"nl-NL\"},{\"@type\":\"Organization\",\"@id\":\"https:\\\/\\\/sylvantia.com\\\/nl\\\/#organization\",\"name\":\"Sylvantia\",\"url\":\"https:\\\/\\\/sylvantia.com\\\/nl\\\/\",\"logo\":{\"@type\":\"ImageObject\",\"inLanguage\":\"nl-NL\",\"@id\":\"https:\\\/\\\/sylvantia.com\\\/nl\\\/#\\\/schema\\\/logo\\\/image\\\/\",\"url\":\"https:\\\/\\\/sylvantia.com\\\/wp-content\\\/uploads\\\/2022\\\/03\\\/sylvantia-logo.png\",\"contentUrl\":\"https:\\\/\\\/sylvantia.com\\\/wp-content\\\/uploads\\\/2022\\\/03\\\/sylvantia-logo.png\",\"width\":255,\"height\":54,\"caption\":\"Sylvantia\"},\"image\":{\"@id\":\"https:\\\/\\\/sylvantia.com\\\/nl\\\/#\\\/schema\\\/logo\\\/image\\\/\"}}]}<\/script>\n<!-- \/ Yoast SEO plugin. -->","yoast_head_json":{"title":"Fyto-aromatherapie - Sylvantia","description":"Planten en essenti\u00eble oli\u00ebn hebben erkende deugden en kunnen ons helpen bij de behandeling van verschillende kleine kwalen.","robots":{"index":"index","follow":"follow","max-snippet":"max-snippet:-1","max-image-preview":"max-image-preview:large","max-video-preview":"max-video-preview:-1"},"canonical":"https:\/\/sylvantia.com\/nl\/fyto-aromatherapie\/","og_locale":"nl_NL","og_type":"article","og_title":"Fyto-aromatherapie - Sylvantia","og_description":"Planten en essenti\u00eble oli\u00ebn hebben erkende deugden en kunnen ons helpen bij de behandeling van verschillende kleine kwalen.","og_url":"https:\/\/sylvantia.com\/nl\/fyto-aromatherapie\/","og_site_name":"Sylvantia","article_modified_time":"2022-06-20T15:39:30+00:00","og_image":[{"url":"https:\/\/sylvantia.com\/wp-content\/uploads\/elementor\/thumbs\/DSC04321-440x550-1-pm8o9dk6d8dc7p3a9yb6wd9wvz2zshdt7y7royiw0s.jpg","type":"","width":"","height":""}],"twitter_card":"summary_large_image","twitter_misc":{"Geschatte leestijd":"2 minuten"},"schema":{"@context":"https:\/\/schema.org","@graph":[{"@type":"WebPage","@id":"https:\/\/sylvantia.com\/nl\/fyto-aromatherapie\/","url":"https:\/\/sylvantia.com\/nl\/fyto-aromatherapie\/","name":"Fyto-aromatherapie - Sylvantia","isPartOf":{"@id":"https:\/\/sylvantia.com\/nl\/#website"},"primaryImageOfPage":{"@id":"https:\/\/sylvantia.com\/nl\/fyto-aromatherapie\/#primaryimage"},"image":{"@id":"https:\/\/sylvantia.com\/nl\/fyto-aromatherapie\/#primaryimage"},"thumbnailUrl":"https:\/\/sylvantia.com\/wp-content\/uploads\/elementor\/thumbs\/DSC04321-440x550-1-pm8o9dk6d8dc7p3a9yb6wd9wvz2zshdt7y7royiw0s.jpg","datePublished":"2022-03-20T15:55:34+00:00","dateModified":"2022-06-20T15:39:30+00:00","description":"Planten en essenti\u00eble oli\u00ebn hebben erkende deugden en kunnen ons helpen bij de behandeling van verschillende kleine kwalen.","breadcrumb":{"@id":"https:\/\/sylvantia.com\/nl\/fyto-aromatherapie\/#breadcrumb"},"inLanguage":"nl-NL","potentialAction":[{"@type":"ReadAction","target":["https:\/\/sylvantia.com\/nl\/fyto-aromatherapie\/"]}]},{"@type":"ImageObject","inLanguage":"nl-NL","@id":"https:\/\/sylvantia.com\/nl\/fyto-aromatherapie\/#primaryimage","url":"https:\/\/sylvantia.com\/wp-content\/uploads\/elementor\/thumbs\/DSC04321-440x550-1-pm8o9dk6d8dc7p3a9yb6wd9wvz2zshdt7y7royiw0s.jpg","contentUrl":"https:\/\/sylvantia.com\/wp-content\/uploads\/elementor\/thumbs\/DSC04321-440x550-1-pm8o9dk6d8dc7p3a9yb6wd9wvz2zshdt7y7royiw0s.jpg"},{"@type":"BreadcrumbList","@id":"https:\/\/sylvantia.com\/nl\/fyto-aromatherapie\/#breadcrumb","itemListElement":[{"@type":"ListItem","position":1,"name":"Accueil","item":"https:\/\/sylvantia.com\/nl\/"},{"@type":"ListItem","position":2,"name":"Fyto-aromatherapie"}]},{"@type":"WebSite","@id":"https:\/\/sylvantia.com\/nl\/#website","url":"https:\/\/sylvantia.com\/nl\/","name":"Sylvantia","description":"Sylvoth\u00e9rapie, Phyto-aromath\u00e9rapie, Gemmoth\u00e9rapie","publisher":{"@id":"https:\/\/sylvantia.com\/nl\/#organization"},"potentialAction":[{"@type":"SearchAction","target":{"@type":"EntryPoint","urlTemplate":"https:\/\/sylvantia.com\/nl\/?s={search_term_string}"},"query-input":{"@type":"PropertyValueSpecification","valueRequired":true,"valueName":"search_term_string"}}],"inLanguage":"nl-NL"},{"@type":"Organization","@id":"https:\/\/sylvantia.com\/nl\/#organization","name":"Sylvantia","url":"https:\/\/sylvantia.com\/nl\/","logo":{"@type":"ImageObject","inLanguage":"nl-NL","@id":"https:\/\/sylvantia.com\/nl\/#\/schema\/logo\/image\/","url":"https:\/\/sylvantia.com\/wp-content\/uploads\/2022\/03\/sylvantia-logo.png","contentUrl":"https:\/\/sylvantia.com\/wp-content\/uploads\/2022\/03\/sylvantia-logo.png","width":255,"height":54,"caption":"Sylvantia"},"image":{"@id":"https:\/\/sylvantia.com\/nl\/#\/schema\/logo\/image\/"}}]}},"_links":{"self":[{"href":"https:\/\/sylvantia.com\/nl\/wp-json\/wp\/v2\/pages\/756","targetHints":{"allow":["GET"]}}],"collection":[{"href":"https:\/\/sylvantia.com\/nl\/wp-json\/wp\/v2\/pages"}],"about":[{"href":"https:\/\/sylvantia.com\/nl\/wp-json\/wp\/v2\/types\/page"}],"author":[{"embeddable":true,"href":"https:\/\/sylvantia.com\/nl\/wp-json\/wp\/v2\/users\/1"}],"replies":[{"embeddable":true,"href":"https:\/\/sylvantia.com\/nl\/wp-json\/wp\/v2\/comments?post=756"}],"version-history":[{"count":5,"href":"https:\/\/sylvantia.com\/nl\/wp-json\/wp\/v2\/pages\/756\/revisions"}],"predecessor-version":[{"id":1060,"href":"https:\/\/sylvantia.com\/nl\/wp-json\/wp\/v2\/pages\/756\/revisions\/1060"}],"wp:attachment":[{"href":"https:\/\/sylvantia.com\/nl\/wp-json\/wp\/v2\/media?parent=756"}],"curies":[{"name":"wp","href":"https:\/\/api.w.org\/{rel}","templated":true}]}}