{"id":802,"date":"2022-03-21T16:27:58","date_gmt":"2022-03-21T15:27:58","guid":{"rendered":"https:\/\/sylvantia.com\/home\/"},"modified":"2023-06-10T19:23:14","modified_gmt":"2023-06-10T17:23:14","slug":"home","status":"publish","type":"page","link":"https:\/\/sylvantia.com\/nl\/","title":{"rendered":"Home"},"content":{"rendered":"\t\t<div data-elementor-type=\"wp-page\" data-elementor-id=\"802\" class=\"elementor elementor-802 elementor-260\" data-elementor-post-type=\"page\">\n\t\t\t\t\t\t<section class=\"elementor-section elementor-top-section elementor-element elementor-element-44923e6 elementor-section-full_width elementor-section-height-min-height elementor-section-height-default elementor-section-items-middle\" data-id=\"44923e6\" data-element_type=\"section\" data-e-type=\"section\" data-settings=\"{&quot;background_background&quot;:&quot;video&quot;,&quot;background_video_link&quot;:&quot;https:\\\/\\\/youtu.be\\\/vRwbXIjUSQU&quot;,&quot;background_video_start&quot;:0,&quot;background_video_end&quot;:68,&quot;background_play_on_mobile&quot;:&quot;yes&quot;}\">\n\t\t\t\t\t\t\t\t<div class=\"elementor-background-video-container\">\n\t\t\t\t\t\t\t\t\t\t\t\t\t<div class=\"elementor-background-video-embed\" role=\"presentation\"><\/div>\n\t\t\t\t\t\t\t\t\t\t\t\t<\/div>\n\t\t\t\t\t\t\t\t\t<div class=\"elementor-background-overlay\"><\/div>\n\t\t\t\t\t\t\t<div class=\"elementor-container elementor-column-gap-default\">\n\t\t\t\t\t<div class=\"elementor-column elementor-col-100 elementor-top-column elementor-element elementor-element-ce4873b\" data-id=\"ce4873b\" data-element_type=\"column\" data-e-type=\"column\">\n\t\t\t<div class=\"elementor-widget-wrap elementor-element-populated\">\n\t\t\t\t\t\t<div class=\"elementor-element elementor-element-92fb323 elementor-widget elementor-widget-heading\" data-id=\"92fb323\" data-element_type=\"widget\" data-e-type=\"widget\" data-widget_type=\"heading.default\">\n\t\t\t\t<div class=\"elementor-widget-container\">\n\t\t\t\t\t<h1 class=\"elementor-heading-title elementor-size-default\">HOME<\/h1>\t\t\t\t<\/div>\n\t\t\t\t<\/div>\n\t\t\t\t\t<\/div>\n\t\t<\/div>\n\t\t\t\t\t<\/div>\n\t\t<\/section>\n\t\t\t\t<section class=\"elementor-section elementor-top-section elementor-element elementor-element-2f97d40 elementor-section-boxed elementor-section-height-default elementor-section-height-default\" data-id=\"2f97d40\" data-element_type=\"section\" data-e-type=\"section\">\n\t\t\t\t\t\t<div class=\"elementor-container elementor-column-gap-default\">\n\t\t\t\t\t<div class=\"elementor-column elementor-col-50 elementor-top-column elementor-element elementor-element-21c02d2\" data-id=\"21c02d2\" data-element_type=\"column\" data-e-type=\"column\">\n\t\t\t<div class=\"elementor-widget-wrap elementor-element-populated\">\n\t\t\t\t\t\t<div class=\"elementor-element elementor-element-b2f4842 elementor-widget elementor-widget-text-editor\" data-id=\"b2f4842\" data-element_type=\"widget\" data-e-type=\"widget\" data-widget_type=\"text-editor.default\">\n\t\t\t\t<div class=\"elementor-widget-container\">\n\t\t\t\t\t\t\t\t\t<p>Beste natuurliefhebbers, welkom op mijn site,<\/p><p><span style=\"color: var( --e-global-color-text ); letter-spacing: 0.2px;\">Je hebt vast gemerkt dat we ons goed en vol energie voelen als we in het bos wandelen. Wist je dat de geluiden en geuren van de natuur een grote invloed hebben op ons moreel en ons welzijn? Het is alsof ons lichaam de omgeving waaruit het is ontstaan herkent en eindelijk kan ontspannen.<\/span><\/p><p><span style=\"color: var( --e-global-color-text ); letter-spacing: 0.2px;\">In werkelijkheid gaat het zelfs nog verder: bomen produceren vluchtige moleculen \u2013 terpenen \u2013 waardoor ze met elkaar kunnen communiceren, maar ook\u2026 met ons! Zo hebben ze een positieve invloed op ons immuunsysteem en op ons onbewuste. En dit verklaart gedeeltelijk de voordelen van bosbaden.<\/span><\/p><p><span style=\"color: var( --e-global-color-text ); letter-spacing: 0.2px;\">Zie onze pagina over Shinrin Yoku <strong><a href=\"https:\/\/sylvantia.com\/nl\/shinrin-yoku\/\">Shinrin Yoku<\/a> <\/strong><\/span><span style=\"color: var( --e-global-color-text ); letter-spacing: 0.2px;\">voor meer informatie.<\/span><\/p><p><span style=\"color: var( --e-global-color-text ); letter-spacing: 0.2px;\">Als gecertificeerde gids, begeleid ik je in het bos zodat je optimaal kunt profiteren van wat de bomen te bieden hebben.<\/span><\/p>\t\t\t\t\t\t\t\t<\/div>\n\t\t\t\t<\/div>\n\t\t\t\t<div class=\"elementor-element elementor-element-beb21a5 elementor-widget elementor-widget-button\" data-id=\"beb21a5\" data-element_type=\"widget\" data-e-type=\"widget\" data-widget_type=\"button.default\">\n\t\t\t\t<div class=\"elementor-widget-container\">\n\t\t\t\t\t\t\t\t\t<div class=\"elementor-button-wrapper\">\n\t\t\t\t\t<a class=\"elementor-button elementor-button-link elementor-size-md\" href=\"https:\/\/sylvantia.com\/nl\/in-de-praktijk\/\" target=\"_blank\">\n\t\t\t\t\t\t<span class=\"elementor-button-content-wrapper\">\n\t\t\t\t\t\t\t\t\t<span class=\"elementor-button-text\">DOE MEE AAN EEN BOSTHERAPIESESSIE<\/span>\n\t\t\t\t\t<\/span>\n\t\t\t\t\t<\/a>\n\t\t\t\t<\/div>\n\t\t\t\t\t\t\t\t<\/div>\n\t\t\t\t<\/div>\n\t\t\t\t<div class=\"elementor-element elementor-element-6bdda3f elementor-widget elementor-widget-text-editor\" data-id=\"6bdda3f\" data-element_type=\"widget\" data-e-type=\"widget\" data-widget_type=\"text-editor.default\">\n\t\t\t\t<div class=\"elementor-widget-container\">\n\t\t\t\t\t\t\t\t\t<p><span style=\"color: var( --e-global-color-text ); letter-spacing: 0.2px;\">Planten kunnen ons ook helpen genezen of beter te voelen als ze worden ingenomen in de vorm van kruidenthee, etherische oli\u00ebn of druppels. Gemmotherapie (knoppen) en aromatherapie (etherische oli\u00ebn) hebben zich de laatste jaren sterk ontwikkeld en bieden een alternatief of een aanvulling op de conventionele medische zorg.<\/span><\/p><p><span style=\"color: var( --e-global-color-text ); letter-spacing: 0.2px;\">Ik help je de meest geschikte te kiezen op basis van je fysieke en mentale toestand.<\/span><\/p><p><span style=\"color: var( --e-global-color-text ); letter-spacing: 0.2px;\">Raadpleeg de pagina over <strong><a href=\"https:\/\/sylvantia.com\/nl\/fyto-aromatherapie\/\">fytotherapie<\/a><\/strong><\/span><\/p>\t\t\t\t\t\t\t\t<\/div>\n\t\t\t\t<\/div>\n\t\t\t\t<div class=\"elementor-element elementor-element-52968ba elementor-widget elementor-widget-text-editor\" data-id=\"52968ba\" data-element_type=\"widget\" data-e-type=\"widget\" data-widget_type=\"text-editor.default\">\n\t\t\t\t<div class=\"elementor-widget-container\">\n\t\t\t\t\t\t\t\t\t<p>Magda<br \/><span style=\"color: var( --e-global-color-text ); letter-spacing: 0.2px;\">Gecertificeerde bosbaden\/Shinrin Yoku gids<br \/><\/span><span style=\"color: var( --e-global-color-text ); letter-spacing: 0.2px;\">Fyto-aromatherapie en gemmotherapie<\/span><\/p><p>\u00a0<\/p>\t\t\t\t\t\t\t\t<\/div>\n\t\t\t\t<\/div>\n\t\t\t\t\t<\/div>\n\t\t<\/div>\n\t\t\t\t<div class=\"elementor-column elementor-col-50 elementor-top-column elementor-element elementor-element-392ace6\" data-id=\"392ace6\" data-element_type=\"column\" data-e-type=\"column\">\n\t\t\t<div class=\"elementor-widget-wrap elementor-element-populated\">\n\t\t\t\t\t\t<div class=\"elementor-element elementor-element-d7d58dc elementor-widget elementor-widget-image\" data-id=\"d7d58dc\" data-element_type=\"widget\" data-e-type=\"widget\" data-widget_type=\"image.default\">\n\t\t\t\t<div class=\"elementor-widget-container\">\n\t\t\t\t\t\t\t\t\t\t\t\t\t\t\t<img decoding=\"async\" src=\"https:\/\/sylvantia.com\/wp-content\/uploads\/elementor\/thumbs\/0_Magdagroen-65-540x697-1-pm8o8mauv1c0v06vp4j0e25jnstcl9dlg7aorxnb4u.jpg\" title=\"0_Magdagroen-65-540&#215;697\" alt=\"0_Magdagroen-65-540x697\" loading=\"lazy\" \/>\t\t\t\t\t\t\t\t\t\t\t\t\t\t\t<\/div>\n\t\t\t\t<\/div>\n\t\t\t\t<div class=\"elementor-element elementor-element-823eb3b elementor-widget elementor-widget-image\" data-id=\"823eb3b\" data-element_type=\"widget\" data-e-type=\"widget\" data-widget_type=\"image.default\">\n\t\t\t\t<div class=\"elementor-widget-container\">\n\t\t\t\t\t\t\t\t\t\t\t\t\t\t\t<img decoding=\"async\" src=\"https:\/\/sylvantia.com\/wp-content\/uploads\/elementor\/thumbs\/DSC05292-400x300-1-pm8o8n8p1vdb6m5ijmxmyjx096opsyhbsby697lvi4.jpg\" title=\"DSC05292-400&#215;300\" alt=\"DSC05292-400x300\" loading=\"lazy\" \/>\t\t\t\t\t\t\t\t\t\t\t\t\t\t\t<\/div>\n\t\t\t\t<\/div>\n\t\t\t\t\t<\/div>\n\t\t<\/div>\n\t\t\t\t\t<\/div>\n\t\t<\/section>\n\t\t\t\t<section class=\"elementor-section elementor-top-section elementor-element elementor-element-508e272 elementor-section-boxed elementor-section-height-default elementor-section-height-default\" data-id=\"508e272\" data-element_type=\"section\" data-e-type=\"section\">\n\t\t\t\t\t\t<div class=\"elementor-container elementor-column-gap-default\">\n\t\t\t\t\t<div class=\"elementor-column elementor-col-100 elementor-top-column elementor-element elementor-element-9cf259f\" data-id=\"9cf259f\" data-element_type=\"column\" data-e-type=\"column\">\n\t\t\t<div class=\"elementor-widget-wrap elementor-element-populated\">\n\t\t\t\t\t\t<div class=\"elementor-element elementor-element-212031d elementor-widget elementor-widget-image\" data-id=\"212031d\" data-element_type=\"widget\" data-e-type=\"widget\" data-widget_type=\"image.default\">\n\t\t\t\t<div class=\"elementor-widget-container\">\n\t\t\t\t\t\t\t\t\t\t\t\t\t\t\t<img decoding=\"async\" src=\"https:\/\/sylvantia.com\/wp-content\/uploads\/elementor\/thumbs\/DSC04305-1536x1024-1-pm8o8n8yobon9rm5627g9fozes7e5b95qys4twtr5c.jpg\" title=\"DSC04305-1536&#215;1024\" alt=\"DSC04305-1536x1024\" loading=\"lazy\" \/>\t\t\t\t\t\t\t\t\t\t\t\t\t\t\t<\/div>\n\t\t\t\t<\/div>\n\t\t\t\t\t<\/div>\n\t\t<\/div>\n\t\t\t\t\t<\/div>\n\t\t<\/section>\n\t\t\t\t<\/div>\n\t\t","protected":false},"excerpt":{"rendered":"<p>HOME Beste natuurliefhebbers, welkom op mijn site, Je hebt vast gemerkt dat we ons goed en vol energie voelen als we in het bos wandelen. Wist je dat de geluiden en geuren van de natuur een grote invloed hebben op ons moreel en ons welzijn? Het is alsof ons lichaam de omgeving waaruit het is [&hellip;]<\/p>\n","protected":false},"author":1,"featured_media":0,"parent":0,"menu_order":1,"comment_status":"closed","ping_status":"closed","template":"","meta":{"footnotes":""},"class_list":["post-802","page","type-page","status-publish","hentry"],"yoast_head":"<!-- This site is optimized with the Yoast SEO plugin v27.5 - https:\/\/yoast.com\/product\/yoast-seo-wordpress\/ -->\n<title>Bosbaden \/ Shinrin Yoku, in het Zoni\u00ebnwoud in Brussel I Sylvantia<\/title>\n<meta name=\"description\" content=\"Bosbaden is de kunst om in het ritme van het bos te komen en jezelf erin onder te dompelen door je zintuigen te gebruiken voor meer welzijn.\" \/>\n<meta name=\"robots\" content=\"index, follow, max-snippet:-1, max-image-preview:large, max-video-preview:-1\" \/>\n<link rel=\"canonical\" href=\"https:\/\/sylvantia.com\/nl\/\" \/>\n<meta property=\"og:locale\" content=\"nl_NL\" \/>\n<meta property=\"og:type\" content=\"article\" \/>\n<meta property=\"og:title\" content=\"Bosbaden \/ Shinrin Yoku, in het Zoni\u00ebnwoud in Brussel I Sylvantia\" \/>\n<meta property=\"og:description\" content=\"Bosbaden is de kunst om in het ritme van het bos te komen en jezelf erin onder te dompelen door je zintuigen te gebruiken voor meer welzijn.\" \/>\n<meta property=\"og:url\" content=\"https:\/\/sylvantia.com\/nl\/\" \/>\n<meta property=\"og:site_name\" content=\"Sylvantia\" \/>\n<meta property=\"article:modified_time\" content=\"2023-06-10T17:23:14+00:00\" \/>\n<meta property=\"og:image\" content=\"https:\/\/sylvantia.com\/wp-content\/uploads\/elementor\/thumbs\/0_Magdagroen-65-540x697-1-pm8o8mauv1c0v06vp4j0e25jnstcl9dlg7aorxnb54.jpg\" \/>\n<meta name=\"twitter:card\" content=\"summary_large_image\" \/>\n<meta name=\"twitter:label1\" content=\"Geschatte leestijd\" \/>\n\t<meta name=\"twitter:data1\" content=\"2 minuten\" \/>\n<script type=\"application\/ld+json\" class=\"yoast-schema-graph\">{\"@context\":\"https:\\\/\\\/schema.org\",\"@graph\":[{\"@type\":\"WebPage\",\"@id\":\"https:\\\/\\\/sylvantia.com\\\/nl\\\/\",\"url\":\"https:\\\/\\\/sylvantia.com\\\/nl\\\/\",\"name\":\"Bosbaden \\\/ Shinrin Yoku, in het Zoni\u00ebnwoud in Brussel I Sylvantia\",\"isPartOf\":{\"@id\":\"https:\\\/\\\/sylvantia.com\\\/nl\\\/#website\"},\"primaryImageOfPage\":{\"@id\":\"https:\\\/\\\/sylvantia.com\\\/nl\\\/#primaryimage\"},\"image\":{\"@id\":\"https:\\\/\\\/sylvantia.com\\\/nl\\\/#primaryimage\"},\"thumbnailUrl\":\"https:\\\/\\\/sylvantia.com\\\/wp-content\\\/uploads\\\/elementor\\\/thumbs\\\/0_Magdagroen-65-540x697-1-pm8o8mauv1c0v06vp4j0e25jnstcl9dlg7aorxnb54.jpg\",\"datePublished\":\"2022-03-21T15:27:58+00:00\",\"dateModified\":\"2023-06-10T17:23:14+00:00\",\"description\":\"Bosbaden is de kunst om in het ritme van het bos te komen en jezelf erin onder te dompelen door je zintuigen te gebruiken voor meer welzijn.\",\"breadcrumb\":{\"@id\":\"https:\\\/\\\/sylvantia.com\\\/nl\\\/#breadcrumb\"},\"inLanguage\":\"nl-NL\",\"potentialAction\":[{\"@type\":\"ReadAction\",\"target\":[\"https:\\\/\\\/sylvantia.com\\\/nl\\\/\"]}]},{\"@type\":\"ImageObject\",\"inLanguage\":\"nl-NL\",\"@id\":\"https:\\\/\\\/sylvantia.com\\\/nl\\\/#primaryimage\",\"url\":\"https:\\\/\\\/sylvantia.com\\\/wp-content\\\/uploads\\\/elementor\\\/thumbs\\\/0_Magdagroen-65-540x697-1-pm8o8mauv1c0v06vp4j0e25jnstcl9dlg7aorxnb54.jpg\",\"contentUrl\":\"https:\\\/\\\/sylvantia.com\\\/wp-content\\\/uploads\\\/elementor\\\/thumbs\\\/0_Magdagroen-65-540x697-1-pm8o8mauv1c0v06vp4j0e25jnstcl9dlg7aorxnb54.jpg\"},{\"@type\":\"BreadcrumbList\",\"@id\":\"https:\\\/\\\/sylvantia.com\\\/nl\\\/#breadcrumb\",\"itemListElement\":[{\"@type\":\"ListItem\",\"position\":1,\"name\":\"Accueil\",\"item\":\"https:\\\/\\\/sylvantia.com\\\/nl\\\/\"},{\"@type\":\"ListItem\",\"position\":2,\"name\":\"Home\"}]},{\"@type\":\"WebSite\",\"@id\":\"https:\\\/\\\/sylvantia.com\\\/nl\\\/#website\",\"url\":\"https:\\\/\\\/sylvantia.com\\\/nl\\\/\",\"name\":\"Sylvantia\",\"description\":\"Sylvoth\u00e9rapie, Phyto-aromath\u00e9rapie, Gemmoth\u00e9rapie\",\"publisher\":{\"@id\":\"https:\\\/\\\/sylvantia.com\\\/nl\\\/#organization\"},\"potentialAction\":[{\"@type\":\"SearchAction\",\"target\":{\"@type\":\"EntryPoint\",\"urlTemplate\":\"https:\\\/\\\/sylvantia.com\\\/nl\\\/?s={search_term_string}\"},\"query-input\":{\"@type\":\"PropertyValueSpecification\",\"valueRequired\":true,\"valueName\":\"search_term_string\"}}],\"inLanguage\":\"nl-NL\"},{\"@type\":\"Organization\",\"@id\":\"https:\\\/\\\/sylvantia.com\\\/nl\\\/#organization\",\"name\":\"Sylvantia\",\"url\":\"https:\\\/\\\/sylvantia.com\\\/nl\\\/\",\"logo\":{\"@type\":\"ImageObject\",\"inLanguage\":\"nl-NL\",\"@id\":\"https:\\\/\\\/sylvantia.com\\\/nl\\\/#\\\/schema\\\/logo\\\/image\\\/\",\"url\":\"https:\\\/\\\/sylvantia.com\\\/wp-content\\\/uploads\\\/2022\\\/03\\\/sylvantia-logo.png\",\"contentUrl\":\"https:\\\/\\\/sylvantia.com\\\/wp-content\\\/uploads\\\/2022\\\/03\\\/sylvantia-logo.png\",\"width\":255,\"height\":54,\"caption\":\"Sylvantia\"},\"image\":{\"@id\":\"https:\\\/\\\/sylvantia.com\\\/nl\\\/#\\\/schema\\\/logo\\\/image\\\/\"}}]}<\/script>\n<!-- \/ Yoast SEO plugin. -->","yoast_head_json":{"title":"Bosbaden \/ Shinrin Yoku, in het Zoni\u00ebnwoud in Brussel I Sylvantia","description":"Bosbaden is de kunst om in het ritme van het bos te komen en jezelf erin onder te dompelen door je zintuigen te gebruiken voor meer welzijn.","robots":{"index":"index","follow":"follow","max-snippet":"max-snippet:-1","max-image-preview":"max-image-preview:large","max-video-preview":"max-video-preview:-1"},"canonical":"https:\/\/sylvantia.com\/nl\/","og_locale":"nl_NL","og_type":"article","og_title":"Bosbaden \/ Shinrin Yoku, in het Zoni\u00ebnwoud in Brussel I Sylvantia","og_description":"Bosbaden is de kunst om in het ritme van het bos te komen en jezelf erin onder te dompelen door je zintuigen te gebruiken voor meer welzijn.","og_url":"https:\/\/sylvantia.com\/nl\/","og_site_name":"Sylvantia","article_modified_time":"2023-06-10T17:23:14+00:00","og_image":[{"url":"https:\/\/sylvantia.com\/wp-content\/uploads\/elementor\/thumbs\/0_Magdagroen-65-540x697-1-pm8o8mauv1c0v06vp4j0e25jnstcl9dlg7aorxnb54.jpg","type":"","width":"","height":""}],"twitter_card":"summary_large_image","twitter_misc":{"Geschatte leestijd":"2 minuten"},"schema":{"@context":"https:\/\/schema.org","@graph":[{"@type":"WebPage","@id":"https:\/\/sylvantia.com\/nl\/","url":"https:\/\/sylvantia.com\/nl\/","name":"Bosbaden \/ Shinrin Yoku, in het Zoni\u00ebnwoud in Brussel I Sylvantia","isPartOf":{"@id":"https:\/\/sylvantia.com\/nl\/#website"},"primaryImageOfPage":{"@id":"https:\/\/sylvantia.com\/nl\/#primaryimage"},"image":{"@id":"https:\/\/sylvantia.com\/nl\/#primaryimage"},"thumbnailUrl":"https:\/\/sylvantia.com\/wp-content\/uploads\/elementor\/thumbs\/0_Magdagroen-65-540x697-1-pm8o8mauv1c0v06vp4j0e25jnstcl9dlg7aorxnb54.jpg","datePublished":"2022-03-21T15:27:58+00:00","dateModified":"2023-06-10T17:23:14+00:00","description":"Bosbaden is de kunst om in het ritme van het bos te komen en jezelf erin onder te dompelen door je zintuigen te gebruiken voor meer welzijn.","breadcrumb":{"@id":"https:\/\/sylvantia.com\/nl\/#breadcrumb"},"inLanguage":"nl-NL","potentialAction":[{"@type":"ReadAction","target":["https:\/\/sylvantia.com\/nl\/"]}]},{"@type":"ImageObject","inLanguage":"nl-NL","@id":"https:\/\/sylvantia.com\/nl\/#primaryimage","url":"https:\/\/sylvantia.com\/wp-content\/uploads\/elementor\/thumbs\/0_Magdagroen-65-540x697-1-pm8o8mauv1c0v06vp4j0e25jnstcl9dlg7aorxnb54.jpg","contentUrl":"https:\/\/sylvantia.com\/wp-content\/uploads\/elementor\/thumbs\/0_Magdagroen-65-540x697-1-pm8o8mauv1c0v06vp4j0e25jnstcl9dlg7aorxnb54.jpg"},{"@type":"BreadcrumbList","@id":"https:\/\/sylvantia.com\/nl\/#breadcrumb","itemListElement":[{"@type":"ListItem","position":1,"name":"Accueil","item":"https:\/\/sylvantia.com\/nl\/"},{"@type":"ListItem","position":2,"name":"Home"}]},{"@type":"WebSite","@id":"https:\/\/sylvantia.com\/nl\/#website","url":"https:\/\/sylvantia.com\/nl\/","name":"Sylvantia","description":"Sylvoth\u00e9rapie, Phyto-aromath\u00e9rapie, Gemmoth\u00e9rapie","publisher":{"@id":"https:\/\/sylvantia.com\/nl\/#organization"},"potentialAction":[{"@type":"SearchAction","target":{"@type":"EntryPoint","urlTemplate":"https:\/\/sylvantia.com\/nl\/?s={search_term_string}"},"query-input":{"@type":"PropertyValueSpecification","valueRequired":true,"valueName":"search_term_string"}}],"inLanguage":"nl-NL"},{"@type":"Organization","@id":"https:\/\/sylvantia.com\/nl\/#organization","name":"Sylvantia","url":"https:\/\/sylvantia.com\/nl\/","logo":{"@type":"ImageObject","inLanguage":"nl-NL","@id":"https:\/\/sylvantia.com\/nl\/#\/schema\/logo\/image\/","url":"https:\/\/sylvantia.com\/wp-content\/uploads\/2022\/03\/sylvantia-logo.png","contentUrl":"https:\/\/sylvantia.com\/wp-content\/uploads\/2022\/03\/sylvantia-logo.png","width":255,"height":54,"caption":"Sylvantia"},"image":{"@id":"https:\/\/sylvantia.com\/nl\/#\/schema\/logo\/image\/"}}]}},"_links":{"self":[{"href":"https:\/\/sylvantia.com\/nl\/wp-json\/wp\/v2\/pages\/802","targetHints":{"allow":["GET"]}}],"collection":[{"href":"https:\/\/sylvantia.com\/nl\/wp-json\/wp\/v2\/pages"}],"about":[{"href":"https:\/\/sylvantia.com\/nl\/wp-json\/wp\/v2\/types\/page"}],"author":[{"embeddable":true,"href":"https:\/\/sylvantia.com\/nl\/wp-json\/wp\/v2\/users\/1"}],"replies":[{"embeddable":true,"href":"https:\/\/sylvantia.com\/nl\/wp-json\/wp\/v2\/comments?post=802"}],"version-history":[{"count":8,"href":"https:\/\/sylvantia.com\/nl\/wp-json\/wp\/v2\/pages\/802\/revisions"}],"predecessor-version":[{"id":1625,"href":"https:\/\/sylvantia.com\/nl\/wp-json\/wp\/v2\/pages\/802\/revisions\/1625"}],"wp:attachment":[{"href":"https:\/\/sylvantia.com\/nl\/wp-json\/wp\/v2\/media?parent=802"}],"curies":[{"name":"wp","href":"https:\/\/api.w.org\/{rel}","templated":true}]}}